{"id":3,"date":"2021-09-15T00:31:36","date_gmt":"2021-09-15T05:31:36","guid":{"rendered":"https:\/\/gab-mex.com\/?page_id=3"},"modified":"2021-10-27T02:30:21","modified_gmt":"2021-10-27T07:30:21","slug":"privacidad","status":"publish","type":"page","link":"https:\/\/www.gab-mex.com\/en\/privacidad\/","title":{"rendered":"Privacy Policy"},"content":{"rendered":"<p class=\"has-text-align-center has-medium-font-size\"><strong><a href=\"https:\/\/gab-mex.com\/wp-content\/uploads\/2021\/10\/Aviso-Privacidad-GABMEX.pdf\" target=\"_blank\" aria-label=\" (opens in a new tab)\" rel=\"noreferrer noopener\" class=\"ek-link\">Privacy Policy<\/a><\/strong><\/p>\n\n\n\n<p class=\"has-text-align-justify\">En \u201c<strong>GABMEX, GLOBAL ALLIANCE BUSINESS &amp; MANAGEMENT SOLUTIONS FROM MEXICO, S. DE R.L. DE C.V.\u201d<\/strong> en adelante <strong>\u201cGABMEX\u201d<\/strong> consideramos que nuestro principal objetivo es proteger a todos nuestros Clientes, por lo que, la seguridad de su informaci\u00f3n es una de nuestras principales prioridades, para lo cual, es que en GABMEX nos hemos dado a la tarea de implementar diversas medidas de seguridad t\u00e9cnicas, f\u00edsicas y administrativas a fin de proveerle la tranquilidad que usted demanda.<\/p>\n\n\n\n<p class=\"has-text-align-justify\">Usted tiene la oportunidad de escoger entre una amplia gama de servicios que GABMEX ofrece, sabiendo que todos sus datos personales estar\u00e1n protegidos y ser\u00e1n tratados con la confidencialidad necesaria.<\/p>\n\n\n\n<p><strong>Responsables del tratamiento de los datos personales:<\/strong><\/p>\n\n\n\n<p class=\"has-text-align-justify\">Le informamos que la responsable de recabar y dar tratamiento o utilizar los datos personales que usted nos proporcione es GABMEX.<\/p>\n\n\n\n<p><strong>Domicilio del responsable:<\/strong><\/p>\n\n\n\n<p class=\"has-text-align-justify\">Para efectos del presente aviso de privacidad, GABMEX se\u00f1ala como su domicilio para efectos de o\u00edr y recibir toda clase de notificaciones, citaciones y documentos de cualquier naturaleza el ubicado en Avenida de los Cedros, N\u00famero 2080, Interior 16, Colonia Rancho San Pedro, Santiago de Quer\u00e9taro, Qro.<\/p>\n\n\n\n<p><strong>Datos personales que podr\u00e1n ser recabados y tratados:<\/strong><\/p>\n\n\n\n<p class=\"has-text-align-justify\">Usted puede navegar por nuestro sitio web sin proporcionar datos personales, sin embargo, existen determinadas secciones dentro del mismo en donde puede proporcionar voluntariamente sus datos.<\/p>\n\n\n\n<p class=\"has-text-align-justify\">Sus datos pueden ser recabados en diferentes situaciones, por ejemplo, cuando decide proporcionarnos su curriculum vitae, al enviarnos un correo electr\u00f3nico, solicitar el recibir informaci\u00f3n de inter\u00e9s, as\u00ed como aquellos que nos proporcione con miras al establecimiento de una relaci\u00f3n jur\u00eddica, por ejemplo, cuando decide contratar nuestros servicios profesionales o prestarnos alg\u00fan servicio.<\/p>\n\n\n\n<p class=\"has-text-align-justify\">Las categor\u00edas de datos personales que le podr\u00e1n ser requeridas para ser recabados y que est\u00e1n sujetas a tratamiento son:<\/p>\n\n\n\n<ol class=\"wp-block-list\" type=\"I\"><li>Datos de identificaci\u00f3n;<\/li><li>Datos de localizaci\u00f3n;<\/li><li>Datos de contacto;<\/li><li>Datos sobre caracter\u00edsticas f\u00edsicas;<\/li><li>Datos laborales;<\/li><li>Datos acad\u00e9micos o profesionales;<\/li><li>Datos migratorios;<\/li><li>Datos patrimoniales;<\/li><li>Datos fiscales o financieros; y<\/li><li>Datos de estado de salud (clasificados como sensibles); y<\/li><li>Datos sobre personas representadas.<\/li><\/ol>\n\n\n\n<p class=\"has-text-align-justify\">En los casos se\u00f1alados en los incisos VIII, IX, X y XI se le requerir\u00e1 por separado su consentimiento expreso y\/o consentimiento expreso y por escrito seg\u00fan corresponda.<\/p>\n\n\n\n<p class=\"has-text-align-justify\">Todo consentimiento ser\u00e1 debidamente requerido salvo por los casos exceptuados con base en la ley.<\/p>\n\n\n\n<p class=\"has-text-align-justify\">GABMEX podr\u00e1 realizar las investigaciones y acciones que consideren necesarias, a efecto de comprobar directamente o a trav\u00e9s de terceros contratados para ello, dependencia u autoridad, la veracidad de los datos que les fueron proporcionados.<\/p>\n\n\n\n<p><strong>Finalidades del tratamiento de los datos personales:<\/strong><\/p>\n\n\n\n<p class=\"has-text-align-justify\">Los datos personales que GABMEX recabe ser\u00e1n utilizados para atender las siguientes finalidades:<\/p>\n\n\n\n<ul class=\"wp-block-list\" type=\"A\"><li>Aquellas indispensables y no indispensables para el cumplimiento de la relaci\u00f3n jur\u00eddica, entre la responsable mencionada anteriormente y usted, las cuales son:<\/li><li>Para corroborar su identidad y veracidad de la informaci\u00f3n proporcionada, incluyendo la de sus beneficiarios, referencias, obligados solidarios, avales o fiadores, cotitulares, socios, filiales o subsidiarias, seg\u00fan resulte aplicable;<\/li><li>Para integrar expedientes, bases de datos y sistemas necesarios para llevar a cabo las operaciones encomendadas;<\/li><li>Para entablar y mantener la relaci\u00f3n jur\u00eddica que se genere;<\/li><li>Para realizar los procesos de cobranza que pudieran derivar de dicha relaci\u00f3n jur\u00eddica;<\/li><li>Para cumplir con regulaciones, pol\u00edticas y medidas de seguridad f\u00edsica y protecci\u00f3n civil, tales como sistemas de video vigilancia, acceso a instalaciones y \u00e1reas restringidas;<\/li><li>Permitirle el acceso a cualquiera de los inmuebles en los que se encuentren ubicadas sus oficinas o sucursales;<\/li><li>Para realizar las investigaciones y acciones que consideren necesarias, a efecto de comprobar a trav\u00e9s de terceros contratados para ello, dependencia u autoridad, la veracidad de los datos que les fueron proporcionados;<\/li><li>Mercadotecnia, publicidad y prospecci\u00f3n comercial;<\/li><li>Ofrecerle, en su caso, otros servicios propios o de cualquiera de sus afiliadas, subsidiarias, sociedades controladoras, asociadas, comisionistas o sociedades integrantes de GABMEX o de terceros;<\/li><li>Responder a comentarios, consultas y\/o proporcionarle la informaci\u00f3n que sea de su inter\u00e9s o solicitada (aplica restricciones a la informaci\u00f3n que puede ser requerida);<\/li><li>Proteger o defender los derechos y propiedad de GABMEX, as\u00ed como su informaci\u00f3n confidencial; y<\/li><li>Mantener la seguridad de nuestro sitio web, de nuestros usuarios y\/o clientes.<\/li><\/ul>\n\n\n\n<p><strong>Medios para limitar el tratamiento (uso o divulgaci\u00f3n) de los datos personales:<\/strong><\/p>\n\n\n\n<p class=\"has-text-align-justify\">Usted o su representante debidamente acreditado podr\u00e1 en cualquier momento, oponerse al uso o divulgaci\u00f3n de sus datos personales para las finalidades que no sean indispensables para la relaci\u00f3n jur\u00eddica que dio origen al servicio que hubiese contratado o solicitado, indic\u00e1ndolo en el instante de realizar cualquier solicitud o entablar una relaci\u00f3n jur\u00eddica con la responsable, indicando <em>\u201cMe opongo al uso o divulgaci\u00f3n de mis datos personales\u201d<\/em>, o por cualquier otra forma que haga evidente la oposici\u00f3n.<\/p>\n\n\n\n<p class=\"has-text-align-justify\">En caso de que se haya omitido el realizar el se\u00f1alamiento de oposici\u00f3n, usted podr\u00e1 oponerse a trav\u00e9s del procedimiento para el ejercicio de los derechos A.R.C.O., el cual se detalla en este Aviso de Privacidad.<\/p>\n\n\n\n<p><strong>Transferencia de datos personales:<\/strong><\/p>\n\n\n\n<p class=\"has-text-align-justify\">GABMEX podr\u00e1 transferir los datos personales a terceros mexicanos o extranjeros cuando la transferencia:<\/p>\n\n\n\n<ul class=\"wp-block-list\" type=\"I\"><li>Est\u00e9 prevista en una Ley o Tratado de los que M\u00e9xico sea parte;<\/li><li>Sea efectuada a sociedades, subsidiarias, afiliadas bajo el control com\u00fan de GABMEX, siempre y cuando, dicho tercero opere bajo los mismos procesos y pol\u00edticas internas;<\/li><li>Sea precisa para el mantenimiento o cumplimiento de una relaci\u00f3n jur\u00eddica entre GABMEX y el titular de los datos personales;<\/li><li>Sea con base en los dem\u00e1s supuestos establecidos en el art\u00edculo 37 de la Ley Federal de Protecci\u00f3n de Datos Personales en Posesi\u00f3n de los Particulares, en cuyo caso, no ser\u00e1 necesaria la obtenci\u00f3n de su consentimiento;<\/li><li>Sea con la finalidad de cumplir el presente Aviso de Privacidad; y<\/li><li>Sea requerida la informaci\u00f3n por mandato judicial o administrativo que cumpla las formalidades legales necesarias.<\/li><\/ul>\n\n\n\n<p><strong>Ejercicio de Derechos A.R.C.O.:<\/strong><\/p>\n\n\n\n<p class=\"has-text-align-justify\">Usted o su representante debidamente acreditado, cuando proceda, podr\u00e1n ejercer los derechos de Acceso, Rectificaci\u00f3n, Cancelaci\u00f3n u Oposici\u00f3n (A.R.C.O.) que la Ley Federal de Protecci\u00f3n de Datos Personales en Posesi\u00f3n de los Particulares prev\u00e9, mediante el formato que GABMEX le proporcione para tal efecto, el cual deber\u00e1 estar acompa\u00f1ado de los documentos que acrediten la identidad del titular de los datos personales (identificaci\u00f3n oficial con fotograf\u00eda) o, en su caso, la representaci\u00f3n legal del titular de los datos personales, en t\u00e9rminos de la legislaci\u00f3n com\u00fan, y cualquier otro elemento o documento que facilite la localizaci\u00f3n de los datos personales.<\/p>\n\n\n\n<p class=\"has-text-align-justify\">En el caso de solicitudes de rectificaci\u00f3n se deber\u00e1n indicar las modificaciones a realizarse y aportar la documentaci\u00f3n que sustente la petici\u00f3n.<\/p>\n\n\n\n<p class=\"has-text-align-justify\">La solicitud y los documentos antes mencionados se deber\u00e1n presentar en el domicilio de GABMEX, previa cita que este genere y quien, una vez recibida la solicitud proceder\u00e1 a canalizar esta al departamento de datos personales de GABMEX, responsable de atender las mismas.<\/p>\n\n\n\n<p class=\"has-text-align-justify\">El departamento dar\u00e1 tr\u00e1mite a las solicitudes de los titulares de datos personales para el ejercicio de los derechos A.R.C.O. en un plazo no mayor a 20 (veinte) d\u00edas h\u00e1biles contados a partir de su recepci\u00f3n.<\/p>\n\n\n\n<p class=\"has-text-align-justify\">Es importante mencionar que el ejercicio de cualquiera de los derechos A.R.C.O. no es requisito previo ni impide el ejercicio de otro derecho.<\/p>\n\n\n\n<p class=\"has-text-align-justify\">Si resulta procedentes su solicitud, \u00e9sta se har\u00e1 efectiva dentro de los 15 (quince) d\u00edas h\u00e1biles siguientes a la fecha en que se comunique la respuesta.<\/p>\n\n\n\n<p class=\"has-text-align-justify\">Los plazos antes referidos podr\u00edan ser ampliados una sola vez por un periodo igual, si as\u00ed lo justifican las circunstancias.<\/p>\n\n\n\n<p class=\"has-text-align-justify\">Usted podr\u00e1 obtener el formato para ejercer sus derechos a trav\u00e9s de solicitud realizada mediante correo electr\u00f3nico enviado al email \u201c<a href=\"mailto:contacto@gab-mex.com\">contacto@gab-mex.com<\/a>\u201d.<\/p>\n\n\n\n<p class=\"has-text-align-justify\">La respuesta a las solicitudes de derechos A.R.C.O. que cumplan con los requisitos antes mencionados ser\u00e1n notificadas al titular de los datos personales o a su representante v\u00eda correo electr\u00f3nico desde la direcci\u00f3n del departamento de datos personales de GABMEX; asimismo, se encontrar\u00e1 disponible en el domicilio de GABMEX, previa cita agendada y acreditaci\u00f3n de la identidad por cualquiera de los medios se\u00f1alados anteriormente.<\/p>\n\n\n\n<p class=\"has-text-align-justify\">Trat\u00e1ndose del derecho de acceso, en la respuesta a su solicitud le indicaremos la modalidad o medio de reproducci\u00f3n mediante el cual podr\u00e1 obtener la informaci\u00f3n solicitada.<\/p>\n\n\n\n<p class=\"has-text-align-justify\">Por cuestiones de seguridad, no se atender\u00e1n solicitudes de ejercicio de derechos A.R.C.O. que sean enviadas al correo electr\u00f3nico antes mencionado, ya que a trav\u00e9s de dicho medio es imposible acreditar la personalidad del titular de los datos personales y\/o su representante, por lo que, toda solicitud deber\u00e1 de ser realizada en un principio, de forma presencial.<\/p>\n\n\n\n<p class=\"has-text-align-justify\">As\u00ed tambi\u00e9n, le informamos que usted tiene derecho a iniciar un Procedimiento de Protecci\u00f3n de Derechos ante el Instituto Nacional de Transparencia, Acceso a la Informaci\u00f3n y Protecci\u00f3n de Datos Personales \u201cINAI\u201d dentro de los 15 (quince) d\u00edas h\u00e1biles siguientes a la fecha en que reciba la respuesta de GABMEX o en caso de no recibir respuesta, a partir de que concluya el plazo de 20 (veinte) d\u00edas h\u00e1biles contados a partir de la fecha de recepci\u00f3n de su solicitud de ejercicio de derechos.<\/p>\n\n\n\n<p class=\"has-text-align-justify\">Para temas relacionados con la atenci\u00f3n de solicitudes de derechos A.R.C.O. puede escribir al departamento de datos personales de GABMEX al correo electr\u00f3nico enviado al email \u201c<a href=\"mailto:contacto@gab-mex.com\">contacto@gab-mex.com<\/a>\u201d.<\/p>\n\n\n\n<p><strong>Revocaci\u00f3n del consentimiento:<\/strong><\/p>\n\n\n\n<p class=\"has-text-align-justify\">Usted o su representante debidamente acreditado podr\u00e1 en cualquier momento, oponerse al uso o divulgaci\u00f3n de sus datos personales para las finalidades que no sean indispensables para la relaci\u00f3n jur\u00eddica que dio origen al servicio que hubiese contratado o solicitado, indic\u00e1ndolo en el instante de realizar cualquier solicitud o entablar una relaci\u00f3n jur\u00eddica con la responsable, manifestando la leyenda <em>\u201cMe opongo al uso o divulgaci\u00f3n de mis datos personales\u201d<\/em>, o por cualquier otra forma que haga evidente la oposici\u00f3n.<\/p>\n\n\n\n<p class=\"has-text-align-justify\">En caso de que se haya omitido el realizar el se\u00f1alamiento de oposici\u00f3n, usted podr\u00e1 oponerse a trav\u00e9s del procedimiento para el ejercicio de los derechos A.R.C.O., el cual se detalla en este Aviso de Privacidad.<\/p>\n\n\n\n<p><strong>Medios autom\u00e1ticos para recabar datos personales:<\/strong><\/p>\n\n\n\n<p class=\"has-text-align-justify\">Le informamos que al acceder al sitio web de GABMEX, es posible que situemos en su dispositivo algunos medios de rastreo tales como \u201ccookies\u201d u otros, lo anterior permitir\u00e1 a GABMEX mejorar tanto la eficacia de sus sitios web, como la de sus actividades de promoci\u00f3n y comercializaci\u00f3n.<\/p>\n\n\n\n<p class=\"has-text-align-justify\">Se informa adem\u00e1s que, cumpliendo con las finalidades descritas en el presente aviso de privacidad, a trav\u00e9s de las mencionadas tecnolog\u00edas se recabar\u00e1n los datos de navegaci\u00f3n y direcci\u00f3n IP.<\/p>\n\n\n\n<p class=\"has-text-align-justify\">Usted podr\u00e1 deshabilitar el uso de estos medios autom\u00e1ticos siguiendo el procedimiento establecido para su navegador de internet.<\/p>\n\n\n\n<p class=\"has-text-align-justify\"><strong>\u201cCookies\u201d: <\/strong>Se define como un fragmento de informaci\u00f3n de programaci\u00f3n contenida en un archivo de texto que se guarda en su navegador de Internet o en otros lugares de su disco duro. Usted puede administrar la aceptaci\u00f3n de \u00e9stas directamente en las preferencias de su navegador, tomando en cuenta que, si decide bloquearlas, es posible que no pueda tener acceso al contenido de nuestros sitios. GABMEX podr\u00e1 utilizar cookies para distinguir su navegador de otros en nuestras plataformas digitales, as\u00ed como para recopilar estad\u00edsticas de las mismas.<\/p>\n\n\n\n<p class=\"has-text-align-justify\"><strong>\u201cWeb beacons\u201d: <\/strong>GABMEX podr\u00e1 utilizar tecnolog\u00edas de seguimiento tales como \u201cweb beacons\u201d para recabar datos sobre sus visitas en nuestros sitios web; similar a las \u201ccookies\u201d, \u00e9stas son peque\u00f1as im\u00e1genes electr\u00f3nicas incrustadas en el contenido web o mensajes de correo electr\u00f3nico, las cuales no se encuentran normalmente visibles para los usuarios y que nos permiten generar contenidos casi personalizados para ofrecerle una mejor experiencia cuando utilice nuestras plataformas digitales.<\/p>\n\n\n\n<p><strong>Modificaciones al aviso de privacidad:<\/strong><\/p>\n\n\n\n<p class=\"has-text-align-justify\">El presente aviso de privacidad no es definitivo, por lo que puede sufrir modificaciones, cambios o actualizaciones derivadas de nuevos requerimientos legales, de necesidades propias de GABMEX, por los servicios que ofrecemos, de nuestras pr\u00e1cticas de privacidad, de cambios en nuestros modelos de negocios o por otras causas.<\/p>\n\n\n\n<p><strong>Cambios al aviso de privacidad:<\/strong><\/p>\n\n\n\n<p class=\"has-text-align-justify\">Cualquier modificaci\u00f3n al presente aviso de privacidad le ser\u00e1 comunicado a trav\u00e9s de nuestro sitio web <a href=\"http:\/\/www.gab-mex.com\/en\/\">www.gab-mex.com<\/a> o bien, a trav\u00e9s de mensajes publicados en las sucursales de GABMEX.<\/p>","protected":false},"excerpt":{"rendered":"<p>AVISO DE PRIVACIDAD En \u201cGABMEX, GLOBAL ALLIANCE BUSINESS &amp; MANAGEMENT SOLUTIONS FROM MEXICO, S. DE R.L. DE C.V.\u201d en adelante \u201cGABMEX\u201d consideramos que nuestro principal objetivo es proteger a todos nuestros Clientes, por lo que, la seguridad de su informaci\u00f3n es una de nuestras principales prioridades, para lo cual, es que en GABMEX nos hemos [&hellip;]<\/p>\n","protected":false},"author":1,"featured_media":0,"parent":0,"menu_order":5,"comment_status":"closed","ping_status":"closed","template":"","meta":{"_editorskit_title_hidden":false,"_editorskit_reading_time":7,"_editorskit_is_block_options_detached":false,"_editorskit_block_options_position":"{}","footnotes":""},"class_list":["post-3","page","type-page","status-publish","hentry"],"_links":{"self":[{"href":"https:\/\/www.gab-mex.com\/en\/wp-json\/wp\/v2\/pages\/3","targetHints":{"allow":["GET"]}}],"collection":[{"href":"https:\/\/www.gab-mex.com\/en\/wp-json\/wp\/v2\/pages"}],"about":[{"href":"https:\/\/www.gab-mex.com\/en\/wp-json\/wp\/v2\/types\/page"}],"author":[{"embeddable":true,"href":"https:\/\/www.gab-mex.com\/en\/wp-json\/wp\/v2\/users\/1"}],"replies":[{"embeddable":true,"href":"https:\/\/www.gab-mex.com\/en\/wp-json\/wp\/v2\/comments?post=3"}],"version-history":[{"count":1,"href":"https:\/\/www.gab-mex.com\/en\/wp-json\/wp\/v2\/pages\/3\/revisions"}],"predecessor-version":[{"id":325,"href":"https:\/\/www.gab-mex.com\/en\/wp-json\/wp\/v2\/pages\/3\/revisions\/325"}],"wp:attachment":[{"href":"https:\/\/www.gab-mex.com\/en\/wp-json\/wp\/v2\/media?parent=3"}],"curies":[{"name":"wp","href":"https:\/\/api.w.org\/{rel}","templated":true}]}}