{"id":6,"date":"2021-09-15T00:35:27","date_gmt":"2021-09-15T00:35:27","guid":{"rendered":"https:\/\/gab-mex.com\/?page_id=6"},"modified":"2021-10-23T19:35:09","modified_gmt":"2021-10-24T00:35:09","slug":"nosotros","status":"publish","type":"page","link":"https:\/\/www.gab-mex.com\/en\/nosotros\/","title":{"rendered":"About us"},"content":{"rendered":"<p class=\"has-large-font-size\"><strong>Mission<\/strong><\/p>\n\n\n\n<p class=\"has-text-align-justify\">Provide high quality and competitive services in its field, in a respectful, friendly and timely manner, achieving total customer satisfaction. To constitute ourselves as a team made up of professionals, with strict adherence to a Code of Ethics in our work where we make use of procedures, techniques, methods and technological advances that allow us to develop our work with commitment and a high sense of responsibility.<\/p>\n\n\n\n<p class=\"has-large-font-size\"><strong>Vision<\/strong><\/p>\n\n\n\n<p class=\"has-normal-font-size\">At GABMEX, we distinguish ourselves by providing clients with personalized, professional, and high-quality human attention to meet their expectations. We want our clients to recognize us as a solid and structured organization in which they can trust that they will receive the best services.<\/p>","protected":false},"excerpt":{"rendered":"<p>Misi\u00f3n Brindar nuestros servicios de alta calidad y competitivos en su campo, de manera respetuosa, amable y oportuna, logrando la satisfacci\u00f3n total del cliente. Constituirnos como un equipo integrado por profesionales, con un apego estricto a un C\u00f3digo de \u00c9tica en nuestro quehacer donde hagamos uso de los procedimientos, t\u00e9cnicas, m\u00e9todos y avances tecnol\u00f3gicos que [&hellip;]<\/p>\n","protected":false},"author":1,"featured_media":0,"parent":0,"menu_order":2,"comment_status":"closed","ping_status":"closed","template":"","meta":{"_editorskit_title_hidden":false,"_editorskit_reading_time":1,"_editorskit_is_block_options_detached":false,"_editorskit_block_options_position":"{}","footnotes":""},"class_list":["post-6","page","type-page","status-publish","hentry"],"_links":{"self":[{"href":"https:\/\/www.gab-mex.com\/en\/wp-json\/wp\/v2\/pages\/6","targetHints":{"allow":["GET"]}}],"collection":[{"href":"https:\/\/www.gab-mex.com\/en\/wp-json\/wp\/v2\/pages"}],"about":[{"href":"https:\/\/www.gab-mex.com\/en\/wp-json\/wp\/v2\/types\/page"}],"author":[{"embeddable":true,"href":"https:\/\/www.gab-mex.com\/en\/wp-json\/wp\/v2\/users\/1"}],"replies":[{"embeddable":true,"href":"https:\/\/www.gab-mex.com\/en\/wp-json\/wp\/v2\/comments?post=6"}],"version-history":[{"count":1,"href":"https:\/\/www.gab-mex.com\/en\/wp-json\/wp\/v2\/pages\/6\/revisions"}],"predecessor-version":[{"id":285,"href":"https:\/\/www.gab-mex.com\/en\/wp-json\/wp\/v2\/pages\/6\/revisions\/285"}],"wp:attachment":[{"href":"https:\/\/www.gab-mex.com\/en\/wp-json\/wp\/v2\/media?parent=6"}],"curies":[{"name":"wp","href":"https:\/\/api.w.org\/{rel}","templated":true}]}}